{"id":3,"date":"2020-07-28T16:21:37","date_gmt":"2020-07-28T16:21:37","guid":{"rendered":"https:\/\/padilla.com.do\/?page_id=3"},"modified":"2024-10-08T12:56:53","modified_gmt":"2024-10-08T16:56:53","slug":"politica-privacidad","status":"publish","type":"page","link":"https:\/\/padilla.com.do\/en\/politica-privacidad\/","title":{"rendered":"Pol\u00edtica de privacidad"},"content":{"rendered":"[et_pb_section fb_built=&#8221;1&#8243; admin_label=&#8221;section&#8221; _builder_version=&#8221;4.16&#8243; global_colors_info=&#8221;{}&#8221;][et_pb_row admin_label=&#8221;row&#8221; _builder_version=&#8221;4.16&#8243; background_size=&#8221;initial&#8221; background_position=&#8221;top_left&#8221; background_repeat=&#8221;repeat&#8221; global_colors_info=&#8221;{}&#8221;][et_pb_column type=&#8221;4_4&#8243; _builder_version=&#8221;4.16&#8243; custom_padding=&#8221;|||&#8221; global_colors_info=&#8221;{}&#8221; custom_padding__hover=&#8221;|||&#8221;][et_pb_text admin_label=&#8221;Text&#8221; _builder_version=&#8221;4.16&#8243; background_size=&#8221;initial&#8221; background_position=&#8221;top_left&#8221; background_repeat=&#8221;repeat&#8221; global_colors_info=&#8221;{}&#8221;]<p><\/p>\n<div class=\"cl-preview-section\">\n<h2 class=\"wp-block-heading\"><strong>Pol\u00edtica de Privacidad<br \/><\/strong><\/h2>\n<p>&nbsp;<\/p>\n<\/div>\n<div class=\"cl-preview-section\">\n<h3 id=\"qui\u00e9nes-somos\"><strong>Qui\u00e9nes somos<\/strong><\/h3>\n<\/div>\n<div class=\"cl-preview-section\">\n<p>La direcci\u00f3n de nuestro sitio web es:<span>\u00a0<\/span><a href=\"https:\/\/padilla.com.do\/\">https:\/\/padilla.com.do<\/a>.<\/p>\n<p>&nbsp;<\/p>\n<\/div>\n<div class=\"cl-preview-section\">\n<h3><strong>Qu\u00e9 datos personales recogemos y por qu\u00e9 los recogemos<\/strong><\/h3>\n<p>&nbsp;<\/p>\n<p><strong><\/strong><\/p>\n<p><strong><\/strong><\/p>\n<\/div>\n<div class=\"cl-preview-section\">\n<h4 id=\"comentarios\"><strong>Comentarios<\/strong><\/h4>\n<\/div>\n<div class=\"cl-preview-section\">\n<p>Cuando los visitantes dejan comentarios en el sitio, recopilamos los datos que se muestran en el formulario de comentarios, as\u00ed como la direcci\u00f3n IP del visitante y la cadena de agentes de usuario del navegador para ayudar a la detecci\u00f3n de spam.<\/p>\n<\/div>\n<div class=\"cl-preview-section\">\n<p>Una cadena an\u00f3nima creada a partir de tu direcci\u00f3n de correo electr\u00f3nico (tambi\u00e9n llamada hash) puede ser proporcionada al servicio Gravatar para ver si la est\u00e1s usando. La pol\u00edtica de privacidad del servicio Gravatar est\u00e1 disponible aqu\u00ed:<span>\u00a0<\/span><a href=\"https:\/\/automattic.com\/privacy\/\">https:\/\/automattic.com\/privacy\/<\/a>. Despu\u00e9s de la aprobaci\u00f3n de tu comentario, la imagen de tu perfil ser\u00e1 visible para el p\u00fablico en el contexto de tu comentario.<\/p>\n<p>&nbsp;<\/p>\n<\/div>\n<div class=\"cl-preview-section\">\n<h4 id=\"medios\"><strong>Medios<\/strong><\/h4>\n<\/div>\n<div class=\"cl-preview-section\">\n<p>Si subes im\u00e1genes al sitio web, deber\u00edas evitar subir im\u00e1genes con datos de ubicaci\u00f3n (GPS EXIF) incluidos. Los visitantes de la web pueden descargar y extraer cualquier dato de ubicaci\u00f3n de las im\u00e1genes en el sitio.<\/p>\n<p>&nbsp;<\/p>\n<\/div>\n<div class=\"cl-preview-section\">\n<h4 id=\"formularios-de-contacto\"><strong>Formularios de contacto<\/strong><\/h4>\n<\/div>\n<div class=\"cl-preview-section\">\n<p>Si utilizas nuestro formulario de contacto, recopilamos los datos proporcionados, como tu nombre, direcci\u00f3n de correo electr\u00f3nico y mensaje, para responder a tu consulta. Estos datos no se utilizar\u00e1n para marketing sin tu consentimiento.<\/p>\n<p>&nbsp;<\/p>\n<\/div>\n<div class=\"cl-preview-section\">\n<h4 id=\"cookies\"><strong>Cookies<\/strong><\/h4>\n<\/div>\n<div class=\"cl-preview-section\">\n<p>Si dejas un comentario en nuestro sitio, puedes optar por guardar tu nombre, direcci\u00f3n de correo electr\u00f3nico y sitio web en cookies. Esto es para tu comodidad, de modo que no tengas que volver a rellenar tus datos cuando dejes otro comentario. Estas cookies tendr\u00e1n una duraci\u00f3n de un a\u00f1o.<\/p>\n<p>&nbsp;<\/p>\n<\/div>\n<div class=\"cl-preview-section\">\n<p>Si tienes una cuenta y te conectas a este sitio, instalaremos una cookie temporal para determinar si tu navegador acepta cookies. Esta cookie no contiene datos personales y se elimina al cerrar el navegador.<\/p>\n<p>&nbsp;<\/p>\n<\/div>\n<div class=\"cl-preview-section\">\n<p>Cuando accedes, tambi\u00e9n instalaremos varias cookies para guardar tu informaci\u00f3n de acceso y tus opciones de visualizaci\u00f3n de pantalla. Las cookies de acceso duran dos d\u00edas, y las cookies de opciones de pantalla duran un a\u00f1o. Si seleccionas \u201cRecu\u00e9rdame\u201d, tu acceso perdurar\u00e1 durante dos semanas. Si sales de tu cuenta, las cookies de acceso se eliminar\u00e1n.<\/p>\n<\/div>\n<div class=\"cl-preview-section\">\n<p>Si editas o publicas un art\u00edculo, se guardar\u00e1 una cookie adicional en tu navegador. Esta cookie no incluye datos personales y simplemente indica el ID del art\u00edculo que acabas de editar. Expira despu\u00e9s de un d\u00eda.<\/p>\n<p>&nbsp;<\/p>\n<\/div>\n<div class=\"cl-preview-section\">\n<h4 id=\"contenido-incrustado-de-otros-sitios-web\"><strong>Contenido incrustado de otros sitios web<\/strong><\/h4>\n<\/div>\n<div class=\"cl-preview-section\">\n<p>Los art\u00edculos de este sitio pueden incluir contenido incrustado (por ejemplo, v\u00eddeos, im\u00e1genes, art\u00edculos, etc.). El contenido incrustado de otras webs se comporta exactamente de la misma manera que si el visitante hubiera visitado la otra web.<\/p>\n<\/div>\n<div class=\"cl-preview-section\">\n<p>Esas webs pueden recopilar datos sobre ti, utilizar cookies, incrustar un seguimiento adicional de terceros, y supervisar tu interacci\u00f3n con ese contenido incrustado, incluido el seguimiento de tu interacci\u00f3n con el contenido incrustado si tienes una cuenta y est\u00e1s conectado a esa web.<\/p>\n<p>&nbsp;<\/p>\n<\/div>\n<div class=\"cl-preview-section\">\n<h4 id=\"anal\u00edtica\"><strong>Anal\u00edtica<\/strong><\/h4>\n<\/div>\n<div class=\"cl-preview-section\">\n<p>Utilizamos<span>\u00a0<\/span><strong>Google Analytics<\/strong><span>\u00a0<\/span>y<span>\u00a0<\/span><strong>Google Search Console<\/strong><span>\u00a0<\/span>para analizar c\u00f3mo interact\u00faas con nuestro sitio web. Google Analytics recopila datos como tu direcci\u00f3n IP, ubicaci\u00f3n aproximada, el tiempo que pasas en el sitio y las p\u00e1ginas que visitas. Esto nos ayuda a mejorar la experiencia del usuario y optimizar el contenido.<\/p>\n<p>&nbsp;<\/p>\n<\/div>\n<div class=\"cl-preview-section\">\n<h3 id=\"con-qui\u00e9n-compartimos-tus-datos\"><strong>Con qui\u00e9n compartimos tus datos<\/strong><\/h3>\n<\/div>\n<div class=\"cl-preview-section\">\n<p>No compartimos tus datos personales con terceros, salvo cuando es necesario para cumplir con la ley o mejorar los servicios que ofrecemos, como el uso de<span>\u00a0<\/span><strong>Google Analytics<\/strong><span>\u00a0<\/span>para an\u00e1lisis de tr\u00e1fico o sistemas de detecci\u00f3n de spam.<\/p>\n<p>&nbsp;<\/p>\n<\/div>\n<div class=\"cl-preview-section\">\n<h3 id=\"cu\u00e1nto-tiempo-conservamos-tus-datos\"><strong>Cu\u00e1nto tiempo conservamos tus datos<\/strong><\/h3>\n<\/div>\n<div class=\"cl-preview-section\">\n<p>Si dejas un comentario, el comentario y sus metadatos se conservan indefinidamente. Esto es para que podamos reconocer y aprobar comentarios sucesivos autom\u00e1ticamente, en lugar de mantenerlos en una cola de moderaci\u00f3n.<\/p>\n<p>&nbsp;<\/p>\n<\/div>\n<div class=\"cl-preview-section\">\n<p>Para los usuarios que se registran en nuestro sitio web (si los hay), tambi\u00e9n almacenamos la informaci\u00f3n personal que proporcionan en su perfil de usuario. Todos los usuarios pueden ver, editar o eliminar su informaci\u00f3n personal en cualquier momento (excepto que no pueden cambiar su nombre de usuario). Los administradores del sitio tambi\u00e9n pueden ver y editar esa informaci\u00f3n.<\/p>\n<p>&nbsp;<\/p>\n<\/div>\n<div class=\"cl-preview-section\">\n<h3 id=\"qu\u00e9-derechos-tienes-sobre-tus-datos\"><strong>Qu\u00e9 derechos tienes sobre tus datos<\/strong><\/h3>\n<\/div>\n<div class=\"cl-preview-section\">\n<p>Si tienes una cuenta o has dejado comentarios en este sitio, puedes solicitar recibir un archivo de exportaci\u00f3n de los datos personales que tenemos sobre ti, incluidos cualquier dato que nos hayas proporcionado. Tambi\u00e9n puedes solicitar que eliminemos cualquier dato personal que tengamos sobre ti. Esto no incluye ning\u00fan dato que estemos obligados a conservar con fines administrativos, legales o de seguridad.<\/p>\n<p>&nbsp;<\/p>\n<\/div>\n<div class=\"cl-preview-section\">\n<h3 id=\"d\u00f3nde-enviamos-tus-datos\"><strong>D\u00f3nde enviamos tus datos<\/strong><\/h3>\n<\/div>\n<div class=\"cl-preview-section\">\n<p>Los comentarios de los visitantes pueden ser revisados por un servicio de detecci\u00f3n autom\u00e1tica de spam.<\/p>\n<p>&nbsp;<\/p>\n<\/div>\n<div class=\"cl-preview-section\">\n<h3 id=\"tu-informaci\u00f3n-de-contacto\"><strong>Tu informaci\u00f3n de contacto<\/strong><\/h3>\n<\/div>\n<div class=\"cl-preview-section\">\n<p>Si tienes preguntas sobre esta pol\u00edtica de privacidad o necesitas informaci\u00f3n adicional sobre c\u00f3mo gestionamos tus datos, puedes contactarnos en:<span>\u00a0<\/span><a href=\"mailto:info@padilla.com.do\">info@padilla.com.do<\/a>.<\/p>\n<p>&nbsp;<\/p>\n<\/div>\n<div class=\"cl-preview-section\">\n<h3 id=\"informaci\u00f3n-adicional\"><strong>Informaci\u00f3n adicional<\/strong><\/h3>\n<p><strong><\/strong><\/p>\n<p><strong><\/strong><\/p>\n<\/div>\n<div class=\"cl-preview-section\">\n<h4 id=\"c\u00f3mo-protegemos-tus-datos\"><strong>C\u00f3mo protegemos tus datos<\/strong><\/h4>\n<\/div>\n<div class=\"cl-preview-section\">\n<p>Implementamos medidas de seguridad como el cifrado y sistemas de autenticaci\u00f3n para proteger tus datos personales y minimizar el riesgo de acceso no autorizado.<\/p>\n<p>&nbsp;<\/p>\n<\/div>\n<div class=\"cl-preview-section\">\n<h4 id=\"qu\u00e9-procedimientos-utilizamos-contra-las-brechas-de-datos\"><strong>Qu\u00e9 procedimientos utilizamos contra las brechas de datos<\/strong><\/h4>\n<\/div>\n<div class=\"cl-preview-section\">\n<p>En caso de una brecha de datos, notificaremos a los usuarios afectados y tomaremos las medidas necesarias para resolver el problema.<\/p>\n<p>&nbsp;<\/p>\n<\/div>\n<div class=\"cl-preview-section\">\n<h4 id=\"de-qu\u00e9-terceros-recibimos-datos\"><strong>De qu\u00e9 terceros recibimos datos<\/strong><\/h4>\n<\/div>\n<div class=\"cl-preview-section\">\n<p>No recibimos datos de terceros fuera de los complementos que utilizamos para el funcionamiento del sitio web.<\/p>\n<p>&nbsp;<\/p>\n<\/div>\n<div class=\"cl-preview-section\">\n<h4 id=\"qu\u00e9-tipo-de-toma-de-decisiones-automatizada-yo-perfilado-hacemos-con-los-datos-del-usuario\"><strong>Qu\u00e9 tipo de toma de decisiones automatizada y\/o perfilado hacemos con los datos del usuario<\/strong><\/h4>\n<\/div>\n<div class=\"cl-preview-section\">\n<p>No realizamos decisiones automatizadas ni perfilado de los usuarios con sus datos personales.<\/p>\n<p>&nbsp;<\/p>\n<\/div>\n<div class=\"cl-preview-section\">\n<h4 id=\"requerimientos-regulatorios-de-revelaci\u00f3n-de-informaci\u00f3n-del-sector\"><strong>Requerimientos regulatorios de revelaci\u00f3n de informaci\u00f3n del sector<\/strong><\/h4>\n<\/div>\n<div class=\"cl-preview-section\">\n<p>Cumplimos con las normativas locales e internacionales para la protecci\u00f3n de datos.<\/p>\n<\/div>\n<p><\/p>[\/et_pb_text][\/et_pb_column][\/et_pb_row][\/et_pb_section]","protected":false},"excerpt":{"rendered":"<p>Pol\u00edtica de Privacidad &nbsp; Qui\u00e9nes somos La direcci\u00f3n de nuestro sitio web es:\u00a0https:\/\/padilla.com.do. &nbsp; Qu\u00e9 datos personales recogemos y por qu\u00e9 los recogemos &nbsp; Comentarios Cuando los visitantes dejan comentarios en el sitio, recopilamos los datos que se muestran en el formulario de comentarios, as\u00ed como la direcci\u00f3n IP del visitante y la cadena de [&hellip;]<\/p>\n","protected":false},"author":1,"featured_media":0,"parent":0,"menu_order":0,"comment_status":"closed","ping_status":"open","template":"","meta":{"nf_dc_page":"","_et_pb_use_builder":"on","_et_pb_old_content":"<!-- wp:heading --><h2>Qui\u00e9nes somos<\/h2><!-- \/wp:heading --><!-- wp:paragraph --><p>La direcci\u00f3n de nuestra web es: https:\/\/padilla.com.do.<\/p><!-- \/wp:paragraph --><!-- wp:heading --><h2>Qu\u00e9 datos personales recogemos y por qu\u00e9 los recogemos<\/h2><!-- \/wp:heading --><!-- wp:heading {\"level\":3} --><h3>Comentarios<\/h3><!-- \/wp:heading --><!-- wp:paragraph --><p>Cuando los visitantes dejan comentarios en la web, recopilamos los datos que se muestran en el formulario de comentarios, as\u00ed como la direcci\u00f3n IP del visitante y la cadena de agentes de usuario del navegador para ayudar a la detecci\u00f3n de spam.<\/p><!-- \/wp:paragraph --><!-- wp:paragraph --><p>Una cadena an\u00f3nima creada a partir de tu direcci\u00f3n de correo electr\u00f3nico (tambi\u00e9n llamada hash) puede ser proporcionada al servicio de Gravatar para ver si la est\u00e1s usando. La pol\u00edtica de privacidad del servicio Gravatar est\u00e1 disponible aqu\u00ed: https:\/\/automattic.com\/privacy\/. Despu\u00e9s de la aprobaci\u00f3n de tu comentario, la imagen de tu perfil es visible para el p\u00fablico en el contexto de tu comentario.<\/p><!-- \/wp:paragraph --><!-- wp:heading {\"level\":3} --><h3>Medios<\/h3><!-- \/wp:heading --><!-- wp:paragraph --><p>Si subes im\u00e1genes a la web, deber\u00edas evitar subir im\u00e1genes con datos de ubicaci\u00f3n (GPS EXIF) incluidos. Los visitantes de la web pueden descargar y extraer cualquier dato de ubicaci\u00f3n de las im\u00e1genes de la web.<\/p><!-- \/wp:paragraph --><!-- wp:heading {\"level\":3} --><h3>Formularios de contacto<\/h3><!-- \/wp:heading --><!-- wp:heading {\"level\":3} --><h3>Cookies<\/h3><!-- \/wp:heading --><!-- wp:paragraph --><p>Si dejas un comentario en nuestro sitio puedes elegir guardar tu nombre, direcci\u00f3n de correo electr\u00f3nico y web en cookies. Esto es para tu comodidad, para que no tengas que volver a rellenar tus datos cuando dejes otro comentario. Estas cookies tendr\u00e1n una duraci\u00f3n de un a\u00f1o.<\/p><!-- \/wp:paragraph --><!-- wp:paragraph --><p>Si tienes una cuenta y te conectas a este sitio, instalaremos una cookie temporal para determinar si tu navegador acepta cookies. Esta cookie no contiene datos personales y se elimina al cerrar el navegador.<\/p><!-- \/wp:paragraph --><!-- wp:paragraph --><p>Cuando accedas, tambi\u00e9n instalaremos varias cookies para guardar tu informaci\u00f3n de acceso y tus opciones de visualizaci\u00f3n de pantalla. Las cookies de acceso duran dos d\u00edas, y las cookies de opciones de pantalla duran un a\u00f1o. Si seleccionas \u00abRecu\u00e9rdarme\u00bb, tu acceso perdurar\u00e1 durante dos semanas. Si sales de tu cuenta, las cookies de acceso se eliminar\u00e1n.<\/p><!-- \/wp:paragraph --><!-- wp:paragraph --><p>Si editas o publicas un art\u00edculo se guardar\u00e1 una cookie adicional en tu navegador. Esta cookie no incluye datos personales y simplemente indica el ID del art\u00edculo que acabas de editar. Caduca despu\u00e9s de 1 d\u00eda.<\/p><!-- \/wp:paragraph --><!-- wp:heading {\"level\":3} --><h3>Contenido incrustado de otros sitios web<\/h3><!-- \/wp:heading --><!-- wp:paragraph --><p>Los art\u00edculos de este sitio pueden incluir contenido incrustado (por ejemplo, v\u00eddeos, im\u00e1genes, art\u00edculos, etc.). El contenido incrustado de otras webs se comporta exactamente de la misma manera que si el visitante hubiera visitado la otra web.<\/p><!-- \/wp:paragraph --><!-- wp:paragraph --><p>Estas web pueden recopilar datos sobre ti, utilizar cookies, incrustar un seguimiento adicional de terceros, y supervisar tu interacci\u00f3n con ese contenido incrustado, incluido el seguimiento de tu interacci\u00f3n con el contenido incrustado si tienes una cuenta y est\u00e1s conectado a esa web.<\/p><!-- \/wp:paragraph --><!-- wp:heading {\"level\":3} --><h3>Anal\u00edtica<\/h3><!-- \/wp:heading --><!-- wp:heading --><h2>Con qui\u00e9n compartimos tus datos<\/h2><!-- \/wp:heading --><!-- wp:heading --><h2>Cu\u00e1nto tiempo conservamos tus datos<\/h2><!-- \/wp:heading --><!-- wp:paragraph --><p>Si dejas un comentario, el comentario y sus metadatos se conservan indefinidamente. Esto es para que podamos reconocer y aprobar comentarios sucesivos autom\u00e1ticamente, en lugar de mantenerlos en una cola de moderaci\u00f3n.<\/p><!-- \/wp:paragraph --><!-- wp:paragraph --><p>De los usuarios que se registran en nuestra web (si los hay), tambi\u00e9n almacenamos la informaci\u00f3n personal que proporcionan en su perfil de usuario. Todos los usuarios pueden ver, editar o eliminar su informaci\u00f3n personal en cualquier momento (excepto que no pueden cambiar su nombre de usuario). Los administradores de la web tambi\u00e9n pueden ver y editar esa informaci\u00f3n.<\/p><!-- \/wp:paragraph --><!-- wp:heading --><h2>Qu\u00e9 derechos tienes sobre tus datos<\/h2><!-- \/wp:heading --><!-- wp:paragraph --><p>Si tienes una cuenta o has dejado comentarios en esta web, puedes solicitar recibir un archivo de exportaci\u00f3n de los datos personales que tenemos sobre ti, incluyendo cualquier dato que nos hayas proporcionado. Tambi\u00e9n puedes solicitar que eliminemos cualquier dato personal que tengamos sobre ti. Esto no incluye ning\u00fan dato que estemos obligados a conservar con fines administrativos, legales o de seguridad.<\/p><!-- \/wp:paragraph --><!-- wp:heading --><h2>D\u00f3nde enviamos tus datos<\/h2><!-- \/wp:heading --><!-- wp:paragraph --><p>Los comentarios de los visitantes puede que los revise un servicio de detecci\u00f3n autom\u00e1tica de spam.<\/p><!-- \/wp:paragraph --><!-- wp:heading --><h2>Tu informaci\u00f3n de contacto<\/h2><!-- \/wp:heading --><!-- wp:heading --><h2>Informaci\u00f3n adicional<\/h2><!-- \/wp:heading --><!-- wp:heading {\"level\":3} --><h3>C\u00f3mo protegemos tus datos<\/h3><!-- \/wp:heading --><!-- wp:heading {\"level\":3} --><h3>Qu\u00e9 procedimientos utilizamos contra las brechas de datos<\/h3><!-- \/wp:heading --><!-- wp:heading {\"level\":3} --><h3>De qu\u00e9 terceros recibimos datos<\/h3><!-- \/wp:heading --><!-- wp:heading {\"level\":3} --><h3>Qu\u00e9 tipo de toma de decisiones automatizada y\/o perfilado hacemos con los datos del usuario<\/h3><!-- \/wp:heading --><!-- wp:heading {\"level\":3} --><h3>Requerimientos regulatorios de revelaci\u00f3n de informaci\u00f3n del sector<\/h3><!-- \/wp:heading -->","_et_gb_content_width":"","_monsterinsights_skip_tracking":false,"_monsterinsights_sitenote_active":false,"_monsterinsights_sitenote_note":"","_monsterinsights_sitenote_category":0,"_uf_show_specific_survey":0,"_uf_disable_surveys":false,"footnotes":""},"class_list":["post-3","page","type-page","status-publish","hentry"],"aioseo_notices":[],"_links":{"self":[{"href":"https:\/\/padilla.com.do\/en\/wp-json\/wp\/v2\/pages\/3","targetHints":{"allow":["GET"]}}],"collection":[{"href":"https:\/\/padilla.com.do\/en\/wp-json\/wp\/v2\/pages"}],"about":[{"href":"https:\/\/padilla.com.do\/en\/wp-json\/wp\/v2\/types\/page"}],"author":[{"embeddable":true,"href":"https:\/\/padilla.com.do\/en\/wp-json\/wp\/v2\/users\/1"}],"replies":[{"embeddable":true,"href":"https:\/\/padilla.com.do\/en\/wp-json\/wp\/v2\/comments?post=3"}],"version-history":[{"count":2,"href":"https:\/\/padilla.com.do\/en\/wp-json\/wp\/v2\/pages\/3\/revisions"}],"predecessor-version":[{"id":3064,"href":"https:\/\/padilla.com.do\/en\/wp-json\/wp\/v2\/pages\/3\/revisions\/3064"}],"wp:attachment":[{"href":"https:\/\/padilla.com.do\/en\/wp-json\/wp\/v2\/media?parent=3"}],"curies":[{"name":"wp","href":"https:\/\/api.w.org\/{rel}","templated":true}]}}